{"id":371,"date":"2026-03-17T12:30:03","date_gmt":"2026-03-17T12:30:03","guid":{"rendered":"https:\/\/test.zozothemes.com\/test6\/cours-voiture\/"},"modified":"2026-03-17T12:48:16","modified_gmt":"2026-03-17T12:48:16","slug":"cours-voiture","status":"publish","type":"page","link":"https:\/\/test.zozothemes.com\/test6\/cours-voiture\/","title":{"rendered":"Cours Voiture"},"content":{"rendered":"\t\t<div data-elementor-type=\"wp-page\" data-elementor-id=\"371\" class=\"elementor elementor-371\">\n\t\t\t\t<div class=\"elementor-element elementor-element-366e3f4 e-flex e-con-boxed e-con e-parent\" data-id=\"366e3f4\" data-element_type=\"container\" data-e-type=\"container\" data-settings=\"{&quot;background_background&quot;:&quot;classic&quot;}\">\n\t\t\t\t\t<div class=\"e-con-inner\">\n\t\t\t\t<div class=\"elementor-element elementor-element-a24edde cea-align-center cea-separator-type-normal elementor-widget elementor-widget-ceasectiontitle\" data-id=\"a24edde\" data-element_type=\"widget\" data-e-type=\"widget\" data-widget_type=\"ceasectiontitle.default\">\n\t\t\t\t<div class=\"elementor-widget-container\">\n\t\t\t\t\t<div class=\"section-title-wrapper\"><div class=\"title-wrap\"><h2 \r\n\t\t\t\t\tclass=\"section-title none cea-nrml\" \r\n\t\t\t\t\tdata-animation=\"none\" \r\n\t\t\t\t\tdata-anim-speed=\"1s\" \r\n\t\t\t\t\tstyle=\"--nml-anim-speed:1s;\" \r\n\t\t\t\t\t \r\n\t\t\t\t\t>Cours d\u2019auto-\u00e9cole \u00e0 Bruxelles<\/h2><div class=\"elementor-divider\"><span class=\"elementor-divider-separator\"><\/span><\/div><\/div><!-- .title-wrap --><div class=\"section-description\"><\/div><!-- .section-description --><\/div><!-- .section-title-wrapper -->\t\t\t\t<\/div>\n\t\t\t\t<\/div>\n\t\t<div class=\"elementor-element elementor-element-163ff55 e-con-full e-flex e-con e-child\" data-id=\"163ff55\" data-element_type=\"container\" data-e-type=\"container\">\n\t\t<div class=\"elementor-element elementor-element-78a8d81 e-con-full e-flex e-con e-child\" data-id=\"78a8d81\" data-element_type=\"container\" data-e-type=\"container\">\n\t\t<div class=\"elementor-element elementor-element-77332db e-con-full e-flex e-con e-child\" data-id=\"77332db\" data-element_type=\"container\" data-e-type=\"container\">\n\t\t\t\t<div class=\"elementor-element elementor-element-0b80819 elementor-widget elementor-widget-image\" data-id=\"0b80819\" data-element_type=\"widget\" data-e-type=\"widget\" data-settings=\"{&quot;_animation_widescreen&quot;:&quot;fadeInLeft&quot;}\" data-widget_type=\"image.default\">\n\t\t\t\t\t\t\t\t\t\t\t\t\t\t\t<img loading=\"lazy\" decoding=\"async\" width=\"500\" height=\"375\" src=\"https:\/\/test.zozothemes.com\/test6\/wp-content\/uploads\/2026\/03\/cours_voiture2.jpg\" class=\"attachment-large size-large wp-image-372\" alt=\"\" \/>\t\t\t\t\t\t\t\t\t\t\t\t\t\t\t<\/div>\n\t\t\t\t<\/div>\n\t\t\t\t<\/div>\n\t\t<div class=\"elementor-element elementor-element-6b268c7 e-con-full e-flex e-con e-child\" data-id=\"6b268c7\" data-element_type=\"container\" data-e-type=\"container\">\n\t\t\t\t<div class=\"elementor-element elementor-element-4844590 elementor-widget elementor-widget-ceasectiontitle\" data-id=\"4844590\" data-element_type=\"widget\" data-e-type=\"widget\" data-widget_type=\"ceasectiontitle.default\">\n\t\t\t\t<div class=\"elementor-widget-container\">\n\t\t\t\t\t<div class=\"section-title-wrapper\"><div class=\"title-wrap\"><h3 \r\n\t\t\t\t\tclass=\"section-title none cea-nrml\" \r\n\t\t\t\t\tdata-animation=\"none\" \r\n\t\t\t\t\tdata-anim-speed=\"1s\" \r\n\t\t\t\t\tstyle=\"--nml-anim-speed:1s;\" \r\n\t\t\t\t\t \r\n\t\t\t\t\t><\/h3><\/div><!-- .title-wrap --><div class=\"section-description\"><p class=\"section-content\"><ul style=\"font-size:14px;\">\n<li>Pour une pr\u00e9paration plus compl\u00e8te et plus facile de votre examen th\u00e9orique, nous vous sugg\u00e9rons de suivre un cours complet de th\u00e9orie dans notre auto-\u00e9cole agr\u00e9\u00e9e (12 heures de th\u00e9orie).<\/li>\n<li>Un instructeur exp\u00e9riment\u00e9 et brevet\u00e9 par le Service Public F\u00e9d\u00e9ral Mobilit\u00e9 et Transport vous prendra en charge et vous aidera \u00e0 saisir les subtilit\u00e9s importantes du CODE DE LA ROUTE.<\/li>\n<li>Apr\u00e8s avoir suivi ces cours, l\u2019auto-\u00e9cole HORIZON vous offre gratuitement la possibilit\u00e9 de faire des exercices de simulation d\u2019examen th\u00e9orique sur notre ordinateur. Deux \u00e0 trois ordinateurs sont toujours diponibles sur chacun de nos bureaux.<\/li>\n\n\n\n\n<\/ul><\/p><\/div><!-- .section-description --><\/div><!-- .section-title-wrapper -->\t\t\t\t<\/div>\n\t\t\t\t<\/div>\n\t\t\t\t<\/div>\n\t\t\t\t<\/div>\n\t\t\t\t\t<\/div>\n\t\t\t\t<\/div>\n\t\t<div class=\"elementor-element elementor-element-1951469 e-flex e-con-boxed e-con e-parent\" data-id=\"1951469\" data-element_type=\"container\" data-e-type=\"container\" data-settings=\"{&quot;background_background&quot;:&quot;classic&quot;}\">\n\t\t\t\t\t<div class=\"e-con-inner\">\n\t\t<div class=\"elementor-element elementor-element-ea59adc e-con-full e-flex e-con e-child\" data-id=\"ea59adc\" data-element_type=\"container\" data-e-type=\"container\">\n\t\t\t\t<div class=\"elementor-element elementor-element-ef13995 elementor-widget elementor-widget-ceasectiontitle\" data-id=\"ef13995\" data-element_type=\"widget\" data-e-type=\"widget\" data-widget_type=\"ceasectiontitle.default\">\n\t\t\t\t<div class=\"elementor-widget-container\">\n\t\t\t\t\t<div class=\"section-title-wrapper\"><div class=\"title-wrap\"><h3 \r\n\t\t\t\t\tclass=\"section-title none cea-nrml\" \r\n\t\t\t\t\tdata-animation=\"none\" \r\n\t\t\t\t\tdata-anim-speed=\"1s\" \r\n\t\t\t\t\tstyle=\"--nml-anim-speed:1s;\" \r\n\t\t\t\t\t \r\n\t\t\t\t\t>Le permis \u00e0 17 ans avec un guide<\/h3><\/div><!-- .title-wrap --><div class=\"section-description\"><\/div><!-- .section-description --><\/div><!-- .section-title-wrapper -->\t\t\t\t<\/div>\n\t\t\t\t<\/div>\n\t\t\t\t<div class=\"elementor-element elementor-element-6e27940 elementor-widget elementor-widget-text-editor\" data-id=\"6e27940\" data-element_type=\"widget\" data-e-type=\"widget\" data-widget_type=\"text-editor.default\">\n\t\t\t\t\t\t\t\t\t<div class=\"mb-3\">LA THEORIE<\/div>\n<ul class=\"pl-5\">\n \t<li>Vous pouvez suivre 12 heures de cours de th\u00e9orie (nous vous offrons gratuitement des tests de simulation d\u2019examen sur notre ordinateur).<\/li>\n<\/ul>\n<div class=\"mb-3\">LA PRATIQUE<\/div>\n<ul class=\"pl-5\">\n \t<li>D\u00e8s 17ans il vous est possible de suivre des cours pratiques au sein de notre auto-\u00e9cole. Le pack qui vous est proposer est de 14 heures de cours pratique, qui vous serons bien n\u00e9cessaire pour d\u00e9buter votre apprentissage par la suite avec votre guide (votre guide pourra vous accompagner lors de la 3\u00e8me et 4\u00e8me heure ainsi que lors de la 11\u00e8me et 12\u00e8me heure). Ces 14 heures de cours vous familiariserons avec le v\u00e9hicule et vous donnerons un minimum de bagage pour continuer en toute s\u00e9curit\u00e9 votre apprentissage, maitrise du volant, de la technique de regard ainsi que le maniement des p\u00e9dales et de la boite \u00e0 vitesse.<\/li>\n<\/ul>\t\t\t\t\t\t\t\t<\/div>\n\t\t\t\t<div class=\"elementor-element elementor-element-4786ffc cea-btn-align-center elementor-widget elementor-widget-ceabutton\" data-id=\"4786ffc\" data-element_type=\"widget\" data-e-type=\"widget\" data-widget_type=\"ceabutton.default\">\n\t\t\t\t<div class=\"elementor-widget-container cea-button-wrapper\">\r\n\t\t\t\t\t<div class=\"cea-button-wrapper\">\r\n\t\t\t<a href=\"#\" class=\"cea-button-link elementor-button cea-button elementor-size-sm\">\r\n\t\t\t\t\t\t<span class=\"cea-button-content-wrapper\">\r\n\t\t\t\t\t\t<span class=\"cea-button-icon cea-align-icon-\">\r\n\t\t\t\t\t\t\t<\/span>\r\n\t\t\t\t\t\t<span class=\"cea-button-text\">CONSULTEZ NOS TARIFS<\/span>\r\n\t\t<\/span>\r\n\t\t\t\t\t<\/a>\r\n\t\t<\/div>\r\n\t\t\t\t<\/div>\r\n\t\t\t\t<\/div>\n\t\t\t\t<\/div>\n\t\t<div class=\"elementor-element elementor-element-c93cb9c e-con-full e-flex e-con e-child\" data-id=\"c93cb9c\" data-element_type=\"container\" data-e-type=\"container\">\n\t\t\t\t<div class=\"elementor-element elementor-element-44ac67d elementor-widget elementor-widget-image\" data-id=\"44ac67d\" data-element_type=\"widget\" data-e-type=\"widget\" data-settings=\"{&quot;_animation_widescreen&quot;:&quot;fadeInLeft&quot;}\" data-widget_type=\"image.default\">\n\t\t\t\t\t\t\t\t\t\t\t\t\t\t\t<img loading=\"lazy\" decoding=\"async\" width=\"600\" height=\"450\" src=\"https:\/\/test.zozothemes.com\/test6\/wp-content\/uploads\/2026\/03\/autoecolehorizon_salledecours_anderlecht.jpeg\" class=\"attachment-large size-large wp-image-373\" alt=\"\" \/>\t\t\t\t\t\t\t\t\t\t\t\t\t\t\t<\/div>\n\t\t\t\t<\/div>\n\t\t\t\t\t<\/div>\n\t\t\t\t<\/div>\n\t\t\t\t<\/div>\n\t\t","protected":false},"excerpt":{"rendered":"<p>Cours d\u2019auto-\u00e9cole \u00e0 Bruxelles Pour une pr\u00e9paration plus compl\u00e8te et plus facile de votre examen th\u00e9orique, nous vous sugg\u00e9rons de suivre un cours complet de th\u00e9orie..<\/p>\n","protected":false},"author":1,"featured_media":0,"parent":0,"menu_order":0,"comment_status":"closed","ping_status":"closed","template":"","meta":{"footnotes":""},"class_list":["post-371","page","type-page","status-publish","hentry"],"yoast_head":"<!-- This site is optimized with the Yoast SEO plugin v27.4 - https:\/\/yoast.com\/product\/yoast-seo-wordpress\/ -->\n<title>Cours Voiture - Autoecolehorizon.be<\/title>\n<meta name=\"robots\" content=\"index, follow, max-snippet:-1, max-image-preview:large, max-video-preview:-1\" \/>\n<link rel=\"canonical\" href=\"https:\/\/test.zozothemes.com\/test6\/cours-voiture\/\" \/>\n<meta property=\"og:locale\" content=\"fr_FR\" \/>\n<meta property=\"og:type\" content=\"article\" \/>\n<meta property=\"og:title\" content=\"Cours Voiture - Autoecolehorizon.be\" \/>\n<meta property=\"og:description\" content=\"Cours d\u2019auto-\u00e9cole \u00e0 Bruxelles Pour une pr\u00e9paration plus compl\u00e8te et plus facile de votre examen th\u00e9orique, nous vous sugg\u00e9rons de suivre un cours complet de th\u00e9orie..\" \/>\n<meta property=\"og:url\" content=\"https:\/\/test.zozothemes.com\/test6\/cours-voiture\/\" \/>\n<meta property=\"og:site_name\" content=\"Autoecolehorizon.be\" \/>\n<meta property=\"article:modified_time\" content=\"2026-03-17T12:48:16+00:00\" \/>\n<meta property=\"og:image\" content=\"https:\/\/test.zozothemes.com\/test6\/wp-content\/uploads\/2026\/03\/cours_voiture2.jpg\" \/>\n<meta name=\"twitter:card\" content=\"summary_large_image\" \/>\n<meta name=\"twitter:label1\" content=\"Dur\u00e9e de lecture estim\u00e9e\" \/>\n\t<meta name=\"twitter:data1\" content=\"1 minute\" \/>\n<script type=\"application\/ld+json\" class=\"yoast-schema-graph\">{\"@context\":\"https:\\\/\\\/schema.org\",\"@graph\":[{\"@type\":\"WebPage\",\"@id\":\"https:\\\/\\\/test.zozothemes.com\\\/test6\\\/cours-voiture\\\/\",\"url\":\"https:\\\/\\\/test.zozothemes.com\\\/test6\\\/cours-voiture\\\/\",\"name\":\"Cours Voiture - Autoecolehorizon.be\",\"isPartOf\":{\"@id\":\"https:\\\/\\\/test.zozothemes.com\\\/test6\\\/#website\"},\"primaryImageOfPage\":{\"@id\":\"https:\\\/\\\/test.zozothemes.com\\\/test6\\\/cours-voiture\\\/#primaryimage\"},\"image\":{\"@id\":\"https:\\\/\\\/test.zozothemes.com\\\/test6\\\/cours-voiture\\\/#primaryimage\"},\"thumbnailUrl\":\"https:\\\/\\\/test.zozothemes.com\\\/test6\\\/wp-content\\\/uploads\\\/2026\\\/03\\\/cours_voiture2.jpg\",\"datePublished\":\"2026-03-17T12:30:03+00:00\",\"dateModified\":\"2026-03-17T12:48:16+00:00\",\"breadcrumb\":{\"@id\":\"https:\\\/\\\/test.zozothemes.com\\\/test6\\\/cours-voiture\\\/#breadcrumb\"},\"inLanguage\":\"fr-FR\",\"potentialAction\":[{\"@type\":\"ReadAction\",\"target\":[\"https:\\\/\\\/test.zozothemes.com\\\/test6\\\/cours-voiture\\\/\"]}]},{\"@type\":\"ImageObject\",\"inLanguage\":\"fr-FR\",\"@id\":\"https:\\\/\\\/test.zozothemes.com\\\/test6\\\/cours-voiture\\\/#primaryimage\",\"url\":\"https:\\\/\\\/test.zozothemes.com\\\/test6\\\/wp-content\\\/uploads\\\/2026\\\/03\\\/cours_voiture2.jpg\",\"contentUrl\":\"https:\\\/\\\/test.zozothemes.com\\\/test6\\\/wp-content\\\/uploads\\\/2026\\\/03\\\/cours_voiture2.jpg\",\"width\":500,\"height\":375,\"caption\":\"\u00f8;\"},{\"@type\":\"BreadcrumbList\",\"@id\":\"https:\\\/\\\/test.zozothemes.com\\\/test6\\\/cours-voiture\\\/#breadcrumb\",\"itemListElement\":[{\"@type\":\"ListItem\",\"position\":1,\"name\":\"Home\",\"item\":\"https:\\\/\\\/test.zozothemes.com\\\/test6\\\/\"},{\"@type\":\"ListItem\",\"position\":2,\"name\":\"Cours Voiture\"}]},{\"@type\":\"WebSite\",\"@id\":\"https:\\\/\\\/test.zozothemes.com\\\/test6\\\/#website\",\"url\":\"https:\\\/\\\/test.zozothemes.com\\\/test6\\\/\",\"name\":\"Autoecolehorizon.be\",\"description\":\"\",\"potentialAction\":[{\"@type\":\"SearchAction\",\"target\":{\"@type\":\"EntryPoint\",\"urlTemplate\":\"https:\\\/\\\/test.zozothemes.com\\\/test6\\\/?s={search_term_string}\"},\"query-input\":{\"@type\":\"PropertyValueSpecification\",\"valueRequired\":true,\"valueName\":\"search_term_string\"}}],\"inLanguage\":\"fr-FR\"}]}<\/script>\n<!-- \/ Yoast SEO plugin. -->","yoast_head_json":{"title":"Cours Voiture - Autoecolehorizon.be","robots":{"index":"index","follow":"follow","max-snippet":"max-snippet:-1","max-image-preview":"max-image-preview:large","max-video-preview":"max-video-preview:-1"},"canonical":"https:\/\/test.zozothemes.com\/test6\/cours-voiture\/","og_locale":"fr_FR","og_type":"article","og_title":"Cours Voiture - Autoecolehorizon.be","og_description":"Cours d\u2019auto-\u00e9cole \u00e0 Bruxelles Pour une pr\u00e9paration plus compl\u00e8te et plus facile de votre examen th\u00e9orique, nous vous sugg\u00e9rons de suivre un cours complet de th\u00e9orie..","og_url":"https:\/\/test.zozothemes.com\/test6\/cours-voiture\/","og_site_name":"Autoecolehorizon.be","article_modified_time":"2026-03-17T12:48:16+00:00","og_image":[{"url":"https:\/\/test.zozothemes.com\/test6\/wp-content\/uploads\/2026\/03\/cours_voiture2.jpg","type":"","width":"","height":""}],"twitter_card":"summary_large_image","twitter_misc":{"Dur\u00e9e de lecture estim\u00e9e":"1 minute"},"schema":{"@context":"https:\/\/schema.org","@graph":[{"@type":"WebPage","@id":"https:\/\/test.zozothemes.com\/test6\/cours-voiture\/","url":"https:\/\/test.zozothemes.com\/test6\/cours-voiture\/","name":"Cours Voiture - Autoecolehorizon.be","isPartOf":{"@id":"https:\/\/test.zozothemes.com\/test6\/#website"},"primaryImageOfPage":{"@id":"https:\/\/test.zozothemes.com\/test6\/cours-voiture\/#primaryimage"},"image":{"@id":"https:\/\/test.zozothemes.com\/test6\/cours-voiture\/#primaryimage"},"thumbnailUrl":"https:\/\/test.zozothemes.com\/test6\/wp-content\/uploads\/2026\/03\/cours_voiture2.jpg","datePublished":"2026-03-17T12:30:03+00:00","dateModified":"2026-03-17T12:48:16+00:00","breadcrumb":{"@id":"https:\/\/test.zozothemes.com\/test6\/cours-voiture\/#breadcrumb"},"inLanguage":"fr-FR","potentialAction":[{"@type":"ReadAction","target":["https:\/\/test.zozothemes.com\/test6\/cours-voiture\/"]}]},{"@type":"ImageObject","inLanguage":"fr-FR","@id":"https:\/\/test.zozothemes.com\/test6\/cours-voiture\/#primaryimage","url":"https:\/\/test.zozothemes.com\/test6\/wp-content\/uploads\/2026\/03\/cours_voiture2.jpg","contentUrl":"https:\/\/test.zozothemes.com\/test6\/wp-content\/uploads\/2026\/03\/cours_voiture2.jpg","width":500,"height":375,"caption":"\u00f8;"},{"@type":"BreadcrumbList","@id":"https:\/\/test.zozothemes.com\/test6\/cours-voiture\/#breadcrumb","itemListElement":[{"@type":"ListItem","position":1,"name":"Home","item":"https:\/\/test.zozothemes.com\/test6\/"},{"@type":"ListItem","position":2,"name":"Cours Voiture"}]},{"@type":"WebSite","@id":"https:\/\/test.zozothemes.com\/test6\/#website","url":"https:\/\/test.zozothemes.com\/test6\/","name":"Autoecolehorizon.be","description":"","potentialAction":[{"@type":"SearchAction","target":{"@type":"EntryPoint","urlTemplate":"https:\/\/test.zozothemes.com\/test6\/?s={search_term_string}"},"query-input":{"@type":"PropertyValueSpecification","valueRequired":true,"valueName":"search_term_string"}}],"inLanguage":"fr-FR"}]}},"_links":{"self":[{"href":"https:\/\/test.zozothemes.com\/test6\/wp-json\/wp\/v2\/pages\/371","targetHints":{"allow":["GET"]}}],"collection":[{"href":"https:\/\/test.zozothemes.com\/test6\/wp-json\/wp\/v2\/pages"}],"about":[{"href":"https:\/\/test.zozothemes.com\/test6\/wp-json\/wp\/v2\/types\/page"}],"author":[{"embeddable":true,"href":"https:\/\/test.zozothemes.com\/test6\/wp-json\/wp\/v2\/users\/1"}],"replies":[{"embeddable":true,"href":"https:\/\/test.zozothemes.com\/test6\/wp-json\/wp\/v2\/comments?post=371"}],"version-history":[{"count":24,"href":"https:\/\/test.zozothemes.com\/test6\/wp-json\/wp\/v2\/pages\/371\/revisions"}],"predecessor-version":[{"id":397,"href":"https:\/\/test.zozothemes.com\/test6\/wp-json\/wp\/v2\/pages\/371\/revisions\/397"}],"wp:attachment":[{"href":"https:\/\/test.zozothemes.com\/test6\/wp-json\/wp\/v2\/media?parent=371"}],"curies":[{"name":"wp","href":"https:\/\/api.w.org\/{rel}","templated":true}]}}