{"id":13896,"date":"2026-03-23T10:39:03","date_gmt":"2026-03-23T10:39:03","guid":{"rendered":"https:\/\/test.zozothemes.com\/test6\/?page_id=13896"},"modified":"2026-03-31T05:21:18","modified_gmt":"2026-03-31T05:21:18","slug":"tarifs","status":"publish","type":"page","link":"https:\/\/test.zozothemes.com\/test6\/tarifs\/","title":{"rendered":"Tarifs"},"content":{"rendered":"\t\t<div data-elementor-type=\"wp-page\" data-elementor-id=\"13896\" class=\"elementor elementor-13896\">\n\t\t\t\t<div class=\"elementor-element elementor-element-35fbce8 e-flex e-con-boxed e-con e-parent\" data-id=\"35fbce8\" data-element_type=\"container\" data-e-type=\"container\" data-settings=\"{&quot;background_background&quot;:&quot;classic&quot;}\">\n\t\t\t\t\t<div class=\"e-con-inner\">\n\t\t\t\t<div class=\"elementor-element elementor-element-afbe283 cea-align-center elementor-widget elementor-widget-ceasectiontitle\" data-id=\"afbe283\" data-element_type=\"widget\" data-e-type=\"widget\" data-widget_type=\"ceasectiontitle.default\">\n\t\t\t\t<div class=\"elementor-widget-container\">\n\t\t\t\t\t<div class=\"section-title-wrapper\"><div class=\"title-wrap\"><h2 \r\n\t\t\t\t\tclass=\"section-title none cea-nrml\" \r\n\t\t\t\t\tdata-animation=\"none\" \r\n\t\t\t\t\tdata-anim-speed=\"1s\" \r\n\t\t\t\t\tstyle=\"--nml-anim-speed:1s;\" \r\n\t\t\t\t\t \r\n\t\t\t\t\t>Prix de l\u2019auto-\u00e9cole : la moins ch\u00e8re de Bruxelles<\/h2><\/div><!-- .title-wrap --><div class=\"section-description\"><p class=\"section-content\">Nous vous proposons des formules flexibles adapt\u00e9es \u00e0 vos besoins, choisissez d\u00e8s maintenant ce qui vous convient le mieux !\n\n<\/p><\/div><!-- .section-description --><\/div><!-- .section-title-wrapper -->\t\t\t\t<\/div>\n\t\t\t\t<\/div>\n\t\t\t\t<div class=\"elementor-element elementor-element-e66e885 elementor-widget-divider--view-line elementor-widget elementor-widget-divider\" data-id=\"e66e885\" data-element_type=\"widget\" data-e-type=\"widget\" data-widget_type=\"divider.default\">\n\t\t\t\t\t\t\t<div class=\"elementor-divider\">\n\t\t\t<span class=\"elementor-divider-separator\">\n\t\t\t\t\t\t<\/span>\n\t\t<\/div>\n\t\t\t\t\t\t<\/div>\n\t\t<div class=\"elementor-element elementor-element-b1c5189 e-con-full e-flex e-con e-child\" data-id=\"b1c5189\" data-element_type=\"container\" data-e-type=\"container\">\n\t\t<div class=\"elementor-element elementor-element-b771f9a e-con-full e-flex e-con e-child\" data-id=\"b771f9a\" data-element_type=\"container\" data-e-type=\"container\">\n\t\t\t\t<div class=\"elementor-element elementor-element-dde38be cea-view-default elementor-widget elementor-widget-ceapricingtable\" data-id=\"dde38be\" data-element_type=\"widget\" data-e-type=\"widget\" data-widget_type=\"ceapricingtable.default\">\n\t\t\t\t\n\t\t<div class=\"elementor-widget-container pricing-table-wrapper pricing-style-classic\" >\n\t\t\n\t\t\t<div class=\"pricing-inner-wrapper\"><div class=\"pricing-table-head\"><h5 class=\"pricing-title\">Th\u00e9orie<\/h5><\/div><!-- .pricing-table-head --><div class=\"pricing-table-info\"><div class=\"price-text\"><span>110<\/span><\/div><!-- .price-text --><div class=\"price-after\"><span>\u20ac<\/span><\/div><!-- .price-after --><\/div><!-- .pricing-table-info --><div class=\"pricing-table-body\"><ul class=\"pricing-features-list list-group\"><li class=\"list-group-item feature-icon-\">12h de cours de th\u00e9orie<\/li><li class=\"list-group-item feature-icon-\">Paiement \u00e0 l\u2019inscription<\/li><\/ul><\/div><!-- .pricing-table-body --><div class=\"pricing-content\">Support de cours: 10\u20ac&lt;br&gt;\n\nFrais d\u2019inscription compris<\/div><!-- .pricing-content --><\/div><!-- .pricing-inner-wrapper -->\t\t\t\n\t\t<\/div>\n\t\t\t\t<\/div>\n\t\t\t\t<\/div>\n\t\t<div class=\"elementor-element elementor-element-5ba71ba e-con-full e-flex e-con e-child\" data-id=\"5ba71ba\" data-element_type=\"container\" data-e-type=\"container\">\n\t\t\t\t<div class=\"elementor-element elementor-element-a240752 small cea-view-default elementor-widget elementor-widget-ceapricingtable\" data-id=\"a240752\" data-element_type=\"widget\" data-e-type=\"widget\" data-widget_type=\"ceapricingtable.default\">\n\t\t\t\t\n\t\t<div class=\"elementor-widget-container pricing-table-wrapper pricing-style-classic\" >\n\t\t\n\t\t\t<div class=\"pricing-inner-wrapper\"><div class=\"pricing-table-head\"><h5 class=\"pricing-title\">Pratique 2<\/h5><\/div><!-- .pricing-table-head --><div class=\"pricing-table-info\"><div class=\"price-text\"><span>160<\/span><\/div><!-- .price-text --><div class=\"price-after\"><span>\u20ac<\/span><\/div><!-- .price-after --><\/div><!-- .pricing-table-info --><div class=\"pricing-table-body\"><ul class=\"pricing-features-list list-group\"><li class=\"list-group-item feature-icon-\">2 heures de cours pratiques<\/li><li class=\"list-group-item feature-icon-\">Paiement \u00e0 l\u2019inscription<\/li><\/ul><\/div><!-- .pricing-table-body --><div class=\"pricing-content\">Automatique: 170\u20ac&lt;br&gt;\nFrais d\u2019inscription: 25\u20ac<\/div><!-- .pricing-content --><\/div><!-- .pricing-inner-wrapper -->\t\t\t\n\t\t<\/div>\n\t\t\t\t<\/div>\n\t\t\t\t<\/div>\n\t\t<div class=\"elementor-element elementor-element-c6f4071 e-con-full e-flex e-con e-child\" data-id=\"c6f4071\" data-element_type=\"container\" data-e-type=\"container\">\n\t\t\t\t<div class=\"elementor-element elementor-element-c0040d4 cea-view-default elementor-widget elementor-widget-ceapricingtable\" data-id=\"c0040d4\" data-element_type=\"widget\" data-e-type=\"widget\" data-widget_type=\"ceapricingtable.default\">\n\t\t\t\t\n\t\t<div class=\"elementor-widget-container pricing-table-wrapper pricing-style-classic\" >\n\t\t\n\t\t\t<div class=\"pricing-inner-wrapper\"><div class=\"pricing-table-head\"><h5 class=\"pricing-title\">Pratique 6<\/h5><\/div><!-- .pricing-table-head --><div class=\"pricing-table-info\"><div class=\"price-text\"><span>480<\/span><\/div><!-- .price-text --><div class=\"price-after\"><span>\u20ac<\/span><\/div><!-- .price-after --><\/div><!-- .pricing-table-info --><div class=\"pricing-table-body\"><ul class=\"pricing-features-list list-group\"><li class=\"list-group-item feature-icon-\">6 heures de cours pratiques<\/li><li class=\"list-group-item feature-icon-\">Paiement \u00e0 l\u2019inscription<\/li><\/ul><\/div><!-- .pricing-table-body --><div class=\"pricing-content\">Automatique:510\u20ac&lt;br&gt;\nFrais d\u2019inscription: 25\u20ac<\/div><!-- .pricing-content --><\/div><!-- .pricing-inner-wrapper -->\t\t\t\n\t\t<\/div>\n\t\t\t\t<\/div>\n\t\t\t\t<\/div>\n\t\t<div class=\"elementor-element elementor-element-5582c58 e-con-full e-flex e-con e-child\" data-id=\"5582c58\" data-element_type=\"container\" data-e-type=\"container\">\n\t\t\t\t<div class=\"elementor-element elementor-element-a7a9c84 small cea-view-default elementor-widget elementor-widget-ceapricingtable\" data-id=\"a7a9c84\" data-element_type=\"widget\" data-e-type=\"widget\" data-widget_type=\"ceapricingtable.default\">\n\t\t\t\t\n\t\t<div class=\"elementor-widget-container pricing-table-wrapper pricing-style-classic\" >\n\t\t\n\t\t\t<div class=\"pricing-inner-wrapper\"><div class=\"pricing-table-head\"><h5 class=\"pricing-title\">Pr\u00e9sentation examen<\/h5><\/div><!-- .pricing-table-head --><div class=\"pricing-table-info\"><div class=\"price-text\"><span>160<\/span><\/div><!-- .price-text --><div class=\"price-after\"><span>\u20ac<\/span><\/div><!-- .price-after --><\/div><!-- .pricing-table-info --><div class=\"pricing-table-body\"><ul class=\"pricing-features-list list-group\"><li class=\"list-group-item feature-icon-\">Examen pratique<\/li><li class=\"list-group-item feature-icon-\">Avec nos v\u00e9hicules<\/li><\/ul><\/div><!-- .pricing-table-body --><div class=\"pricing-content\">Automatique: 170\u20ac&lt;br&gt;\nPaiement \u00e0 l\u2019inscription<\/div><!-- .pricing-content --><\/div><!-- .pricing-inner-wrapper -->\t\t\t\n\t\t<\/div>\n\t\t\t\t<\/div>\n\t\t\t\t<\/div>\n\t\t\t\t<\/div>\n\t\t<div class=\"elementor-element elementor-element-456dbab e-con-full e-flex e-con e-child\" data-id=\"456dbab\" data-element_type=\"container\" data-e-type=\"container\">\n\t\t<div class=\"elementor-element elementor-element-816a31e e-con-full e-flex e-con e-child\" data-id=\"816a31e\" data-element_type=\"container\" data-e-type=\"container\">\n\t\t\t\t<div class=\"elementor-element elementor-element-75f2585 small cea-view-default elementor-widget elementor-widget-ceapricingtable\" data-id=\"75f2585\" data-element_type=\"widget\" data-e-type=\"widget\" data-widget_type=\"ceapricingtable.default\">\n\t\t\t\t\n\t\t<div class=\"elementor-widget-container pricing-table-wrapper pricing-style-classic\" >\n\t\t\n\t\t\t<div class=\"pricing-inner-wrapper\"><div class=\"pricing-table-head\"><h5 class=\"pricing-title\">Pratique 14<\/h5><\/div><!-- .pricing-table-head --><div class=\"pricing-table-info\"><div class=\"price-text\"><span>1120<\/span><\/div><!-- .price-text --><div class=\"price-after\"><span>\u20ac<\/span><\/div><!-- .price-after --><\/div><!-- .pricing-table-info --><div class=\"pricing-table-body\"><ul class=\"pricing-features-list list-group\"><li class=\"list-group-item feature-icon-\">14 heures de cours pratiques<\/li><li class=\"list-group-item feature-icon-\">Paiement en 2 fois<\/li><\/ul><\/div><!-- .pricing-table-body --><div class=\"pricing-content\">Automatique: 1190\u20ac&lt;br&gt;\nFrais d\u2019inscription: 25\u20ac&lt;br&gt;\nFili\u00e8re mixte d\u00e8s 17 ans<\/div><!-- .pricing-content --><\/div><!-- .pricing-inner-wrapper -->\t\t\t\n\t\t<\/div>\n\t\t\t\t<\/div>\n\t\t\t\t<\/div>\n\t\t<div class=\"elementor-element elementor-element-01457c7 e-con-full e-flex e-con e-child\" data-id=\"01457c7\" data-element_type=\"container\" data-e-type=\"container\">\n\t\t\t\t<div class=\"elementor-element elementor-element-91133df cea-view-default elementor-widget elementor-widget-ceapricingtable\" data-id=\"91133df\" data-element_type=\"widget\" data-e-type=\"widget\" data-widget_type=\"ceapricingtable.default\">\n\t\t\t\t\n\t\t<div class=\"elementor-widget-container pricing-table-wrapper pricing-style-classic\" >\n\t\t\n\t\t\t<div class=\"pricing-inner-wrapper\"><div class=\"pricing-table-head\"><h5 class=\"pricing-title\">Pratique 20<\/h5><\/div><!-- .pricing-table-head --><div class=\"pricing-table-info\"><div class=\"price-text\"><span>1460<\/span><\/div><!-- .price-text --><div class=\"price-after\"><span>\u20ac<\/span><\/div><!-- .price-after --><\/div><!-- .pricing-table-info --><div class=\"pricing-table-body\"><ul class=\"pricing-features-list list-group\"><li class=\"list-group-item feature-icon-\">20 heures de cours pratiques<\/li><li class=\"list-group-item feature-icon-\">Paiement en 3 fois<\/li><\/ul><\/div><!-- .pricing-table-body --><div class=\"pricing-content\">Automatique: 1560\u20ac&lt;br&gt;\nFrais d\u2019inscription compris&lt;br&gt;\nPermis provisoire sans guide<\/div><!-- .pricing-content --><\/div><!-- .pricing-inner-wrapper -->\t\t\t\n\t\t<\/div>\n\t\t\t\t<\/div>\n\t\t\t\t<\/div>\n\t\t<div class=\"elementor-element elementor-element-2d53d86 e-con-full e-flex e-con e-child\" data-id=\"2d53d86\" data-element_type=\"container\" data-e-type=\"container\">\n\t\t\t\t<div class=\"elementor-element elementor-element-7dcbb61 small cea-view-default elementor-widget elementor-widget-ceapricingtable\" data-id=\"7dcbb61\" data-element_type=\"widget\" data-e-type=\"widget\" data-widget_type=\"ceapricingtable.default\">\n\t\t\t\t\n\t\t<div class=\"elementor-widget-container pricing-table-wrapper pricing-style-classic\" >\n\t\t\n\t\t\t<div class=\"pricing-inner-wrapper\"><div class=\"pricing-table-head\"><h5 class=\"pricing-title\">Pratique 30<\/h5><\/div><!-- .pricing-table-head --><div class=\"pricing-table-info\"><div class=\"price-text\"><span>2190<\/span><\/div><!-- .price-text --><div class=\"price-after\"><span>\u20ac<\/span><\/div><!-- .price-after --><\/div><!-- .pricing-table-info --><div class=\"pricing-table-body\"><ul class=\"pricing-features-list list-group\"><li class=\"list-group-item feature-icon-\">30 heures de cours pratiques<\/li><li class=\"list-group-item feature-icon-\">Paiement en 3 fois<\/li><\/ul><\/div><!-- .pricing-table-body --><div class=\"pricing-content\">Automatique: 2340\u20ac&lt;br&gt;\nFrais d\u2019inscription compris&lt;br&gt;\nAcc\u00e8s direct \u00e0 l\u2019examen pratique<\/div><!-- .pricing-content --><\/div><!-- .pricing-inner-wrapper -->\t\t\t\n\t\t<\/div>\n\t\t\t\t<\/div>\n\t\t\t\t<\/div>\n\t\t\t\t<\/div>\n\t\t\t\t\t<\/div>\n\t\t\t\t<\/div>\n\t\t\t\t<\/div>\n\t\t","protected":false},"excerpt":{"rendered":"<p>Prix de l\u2019auto-\u00e9cole : la moins ch\u00e8re de Bruxelles Nous vous proposons des formules flexibles adapt\u00e9es \u00e0 vos besoins, choisissez d\u00e8s maintenant ce qui vous convient..<\/p>\n","protected":false},"author":1,"featured_media":0,"parent":0,"menu_order":0,"comment_status":"closed","ping_status":"closed","template":"","meta":{"footnotes":""},"class_list":["post-13896","page","type-page","status-publish","hentry"],"yoast_head":"<!-- This site is optimized with the Yoast SEO plugin v27.4 - https:\/\/yoast.com\/product\/yoast-seo-wordpress\/ -->\n<title>Tarifs - Autoecolehorizon.be<\/title>\n<meta name=\"robots\" content=\"index, follow, max-snippet:-1, max-image-preview:large, max-video-preview:-1\" \/>\n<link rel=\"canonical\" href=\"https:\/\/test.zozothemes.com\/test6\/tarifs\/\" \/>\n<meta property=\"og:locale\" content=\"fr_FR\" \/>\n<meta property=\"og:type\" content=\"article\" \/>\n<meta property=\"og:title\" content=\"Tarifs - Autoecolehorizon.be\" \/>\n<meta property=\"og:description\" content=\"Prix de l\u2019auto-\u00e9cole : la moins ch\u00e8re de Bruxelles Nous vous proposons des formules flexibles adapt\u00e9es \u00e0 vos besoins, choisissez d\u00e8s maintenant ce qui vous convient..\" \/>\n<meta property=\"og:url\" content=\"https:\/\/test.zozothemes.com\/test6\/tarifs\/\" \/>\n<meta property=\"og:site_name\" content=\"Autoecolehorizon.be\" \/>\n<meta property=\"article:modified_time\" content=\"2026-03-31T05:21:18+00:00\" \/>\n<meta name=\"twitter:card\" content=\"summary_large_image\" \/>\n<meta name=\"twitter:label1\" content=\"Dur\u00e9e de lecture estim\u00e9e\" \/>\n\t<meta name=\"twitter:data1\" content=\"1 minute\" \/>\n<script type=\"application\/ld+json\" class=\"yoast-schema-graph\">{\"@context\":\"https:\\\/\\\/schema.org\",\"@graph\":[{\"@type\":\"WebPage\",\"@id\":\"https:\\\/\\\/test.zozothemes.com\\\/test6\\\/tarifs\\\/\",\"url\":\"https:\\\/\\\/test.zozothemes.com\\\/test6\\\/tarifs\\\/\",\"name\":\"Tarifs - Autoecolehorizon.be\",\"isPartOf\":{\"@id\":\"https:\\\/\\\/test.zozothemes.com\\\/test6\\\/#website\"},\"datePublished\":\"2026-03-23T10:39:03+00:00\",\"dateModified\":\"2026-03-31T05:21:18+00:00\",\"breadcrumb\":{\"@id\":\"https:\\\/\\\/test.zozothemes.com\\\/test6\\\/tarifs\\\/#breadcrumb\"},\"inLanguage\":\"fr-FR\",\"potentialAction\":[{\"@type\":\"ReadAction\",\"target\":[\"https:\\\/\\\/test.zozothemes.com\\\/test6\\\/tarifs\\\/\"]}]},{\"@type\":\"BreadcrumbList\",\"@id\":\"https:\\\/\\\/test.zozothemes.com\\\/test6\\\/tarifs\\\/#breadcrumb\",\"itemListElement\":[{\"@type\":\"ListItem\",\"position\":1,\"name\":\"Home\",\"item\":\"https:\\\/\\\/test.zozothemes.com\\\/test6\\\/\"},{\"@type\":\"ListItem\",\"position\":2,\"name\":\"Tarifs\"}]},{\"@type\":\"WebSite\",\"@id\":\"https:\\\/\\\/test.zozothemes.com\\\/test6\\\/#website\",\"url\":\"https:\\\/\\\/test.zozothemes.com\\\/test6\\\/\",\"name\":\"Autoecolehorizon.be\",\"description\":\"\",\"potentialAction\":[{\"@type\":\"SearchAction\",\"target\":{\"@type\":\"EntryPoint\",\"urlTemplate\":\"https:\\\/\\\/test.zozothemes.com\\\/test6\\\/?s={search_term_string}\"},\"query-input\":{\"@type\":\"PropertyValueSpecification\",\"valueRequired\":true,\"valueName\":\"search_term_string\"}}],\"inLanguage\":\"fr-FR\"}]}<\/script>\n<!-- \/ Yoast SEO plugin. -->","yoast_head_json":{"title":"Tarifs - Autoecolehorizon.be","robots":{"index":"index","follow":"follow","max-snippet":"max-snippet:-1","max-image-preview":"max-image-preview:large","max-video-preview":"max-video-preview:-1"},"canonical":"https:\/\/test.zozothemes.com\/test6\/tarifs\/","og_locale":"fr_FR","og_type":"article","og_title":"Tarifs - Autoecolehorizon.be","og_description":"Prix de l\u2019auto-\u00e9cole : la moins ch\u00e8re de Bruxelles Nous vous proposons des formules flexibles adapt\u00e9es \u00e0 vos besoins, choisissez d\u00e8s maintenant ce qui vous convient..","og_url":"https:\/\/test.zozothemes.com\/test6\/tarifs\/","og_site_name":"Autoecolehorizon.be","article_modified_time":"2026-03-31T05:21:18+00:00","twitter_card":"summary_large_image","twitter_misc":{"Dur\u00e9e de lecture estim\u00e9e":"1 minute"},"schema":{"@context":"https:\/\/schema.org","@graph":[{"@type":"WebPage","@id":"https:\/\/test.zozothemes.com\/test6\/tarifs\/","url":"https:\/\/test.zozothemes.com\/test6\/tarifs\/","name":"Tarifs - Autoecolehorizon.be","isPartOf":{"@id":"https:\/\/test.zozothemes.com\/test6\/#website"},"datePublished":"2026-03-23T10:39:03+00:00","dateModified":"2026-03-31T05:21:18+00:00","breadcrumb":{"@id":"https:\/\/test.zozothemes.com\/test6\/tarifs\/#breadcrumb"},"inLanguage":"fr-FR","potentialAction":[{"@type":"ReadAction","target":["https:\/\/test.zozothemes.com\/test6\/tarifs\/"]}]},{"@type":"BreadcrumbList","@id":"https:\/\/test.zozothemes.com\/test6\/tarifs\/#breadcrumb","itemListElement":[{"@type":"ListItem","position":1,"name":"Home","item":"https:\/\/test.zozothemes.com\/test6\/"},{"@type":"ListItem","position":2,"name":"Tarifs"}]},{"@type":"WebSite","@id":"https:\/\/test.zozothemes.com\/test6\/#website","url":"https:\/\/test.zozothemes.com\/test6\/","name":"Autoecolehorizon.be","description":"","potentialAction":[{"@type":"SearchAction","target":{"@type":"EntryPoint","urlTemplate":"https:\/\/test.zozothemes.com\/test6\/?s={search_term_string}"},"query-input":{"@type":"PropertyValueSpecification","valueRequired":true,"valueName":"search_term_string"}}],"inLanguage":"fr-FR"}]}},"_links":{"self":[{"href":"https:\/\/test.zozothemes.com\/test6\/wp-json\/wp\/v2\/pages\/13896","targetHints":{"allow":["GET"]}}],"collection":[{"href":"https:\/\/test.zozothemes.com\/test6\/wp-json\/wp\/v2\/pages"}],"about":[{"href":"https:\/\/test.zozothemes.com\/test6\/wp-json\/wp\/v2\/types\/page"}],"author":[{"embeddable":true,"href":"https:\/\/test.zozothemes.com\/test6\/wp-json\/wp\/v2\/users\/1"}],"replies":[{"embeddable":true,"href":"https:\/\/test.zozothemes.com\/test6\/wp-json\/wp\/v2\/comments?post=13896"}],"version-history":[{"count":100,"href":"https:\/\/test.zozothemes.com\/test6\/wp-json\/wp\/v2\/pages\/13896\/revisions"}],"predecessor-version":[{"id":14027,"href":"https:\/\/test.zozothemes.com\/test6\/wp-json\/wp\/v2\/pages\/13896\/revisions\/14027"}],"wp:attachment":[{"href":"https:\/\/test.zozothemes.com\/test6\/wp-json\/wp\/v2\/media?parent=13896"}],"curies":[{"name":"wp","href":"https:\/\/api.w.org\/{rel}","templated":true}]}}